{"id":236,"date":"2017-10-13T12:52:38","date_gmt":"2017-10-13T10:52:38","guid":{"rendered":"http:\/\/blog.fmi.fi\/ILMApilot\/?page_id=236"},"modified":"2026-03-13T15:29:32","modified_gmt":"2026-03-13T13:29:32","slug":"publications","status":"publish","type":"page","link":"https:\/\/blog.fmi.fi\/ILMApilot\/publications\/","title":{"rendered":"Publications"},"content":{"rendered":"\n<div class=\"wp-block-columns is-layout-flex wp-container-core-columns-is-layout-1 wp-block-columns-is-layout-flex\">\n<div class=\"wp-block-column is-layout-flow wp-block-column-is-layout-flow\" style=\"flex-basis:100%\">\n<div class=\"page\" title=\"Page 3\">\n<div class=\"layoutArea\">\n<div class=\"column\">\n<p><span style=\"color: #ff6600;\"><strong>Peer reviewed publications<\/strong><\/span><\/p>\n<ol>\n<li style=\"list-style-type: none;\">\n<ol>\n<li data-leveltext=\"%1.\" data-font=\"Calibri\" data-listid=\"25\" data-list-defn-props=\"{&quot;335552541&quot;:0,&quot;335559685&quot;:1080,&quot;335559991&quot;:360,&quot;469769242&quot;:[65533,0],&quot;469777803&quot;:&quot;left&quot;,&quot;469777804&quot;:&quot;%1.&quot;,&quot;469777815&quot;:&quot;hybridMultilevel&quot;}\" aria-setsize=\"-1\" data-aria-posinset=\"43\" data-aria-level=\"1\">Virta, H., J. Hakkarainen, I. <strong>Ialongo<\/strong>, J. Tamminen, M. Girard, B. J. Schuit, and J. D. Maasakkers: Monitoring Persistent Methane Emissions from the Secunda CTL Synthetic Fuel Plant using Satellite Observations, Environmental Science &amp; Technology Letters, <a href=\"https:\/\/doi.org\/10.1021\/acs.estlett.5c01140\">doi:10.1021\/acs.estlett.5c01140<\/a>, 2026.<\/li>\n<li data-leveltext=\"%1.\" data-font=\"Calibri\" data-listid=\"25\" data-list-defn-props=\"{&quot;335552541&quot;:0,&quot;335559685&quot;:1080,&quot;335559991&quot;:360,&quot;469769242&quot;:[65533,0],&quot;469777803&quot;:&quot;left&quot;,&quot;469777804&quot;:&quot;%1.&quot;,&quot;469777815&quot;:&quot;hybridMultilevel&quot;}\" aria-setsize=\"-1\" data-aria-posinset=\"43\" data-aria-level=\"1\">Hakkarainen, J., <strong>Ialongo<\/strong>, I., Oda, T., and Crisp, D.: A Robust Method for Calculating Carbon Dioxide Emissions from Cities and Power Stations Using OCO-2 and S5P\/TROPOMI Observations, Journal of Geophysical Research: Atmospheres, <a href=\"https:\/\/doi.org\/10.1029\/2025JD043358\">doi:10.1029\/2025JD043358<\/a>, 2025.<\/li>\n<li data-leveltext=\"%1.\" data-font=\"Calibri\" data-listid=\"25\" data-list-defn-props=\"{&quot;335552541&quot;:0,&quot;335559685&quot;:1080,&quot;335559991&quot;:360,&quot;469769242&quot;:[65533,0],&quot;469777803&quot;:&quot;left&quot;,&quot;469777804&quot;:&quot;%1.&quot;,&quot;469777815&quot;:&quot;hybridMultilevel&quot;}\" aria-setsize=\"-1\" data-aria-posinset=\"43\" data-aria-level=\"1\">\n<div><strong>Ialongo<\/strong>, I., Virta, H.,\u00a0Hakkarainen, H., \u00d6zcan, C., Ranta, M. and Zieleniewski, S.: Unveiling Nitrogen Oxide Emissions from Open-Pit Copper Mines through Satellite Observations, Environmental Research Letters, Volume 20, Number 3, <a href=\"https:\/\/doi.org\/10.1088\/1748-9326\/adb767\">doi:10.1088\/1748-9326\/adb767<\/a>, 2025.<\/div>\n<\/li>\n<li data-leveltext=\"%1.\" data-font=\"Calibri\" data-listid=\"25\" data-list-defn-props=\"{&quot;335552541&quot;:0,&quot;335559685&quot;:1080,&quot;335559991&quot;:360,&quot;469769242&quot;:[65533,0],&quot;469777803&quot;:&quot;left&quot;,&quot;469777804&quot;:&quot;%1.&quot;,&quot;469777815&quot;:&quot;hybridMultilevel&quot;}\" aria-setsize=\"-1\" data-aria-posinset=\"43\" data-aria-level=\"1\">\n<div>Hakkarainen, J., <strong>Ialongo<\/strong>, I., Varon, D., Kuhlmann, G., and Krol, M.: Linear Integrated Mass Enhancement: A method for estimating hotspot emission rates from space-based plume observations, Remote Sensing of Environment, Volume 319, <a href=\"https:\/\/doi.org\/10.1016\/j.rse.2025.114623\">doi:10.1016\/j.rse.2025.114623<\/a>, 2025.<\/div>\n<\/li>\n<li data-leveltext=\"%1.\" data-font=\"Calibri\" data-listid=\"25\" data-list-defn-props=\"{&quot;335552541&quot;:0,&quot;335559685&quot;:1080,&quot;335559991&quot;:360,&quot;469769242&quot;:[65533,0],&quot;469777803&quot;:&quot;left&quot;,&quot;469777804&quot;:&quot;%1.&quot;,&quot;469777815&quot;:&quot;hybridMultilevel&quot;}\" aria-setsize=\"-1\" data-aria-posinset=\"43\" data-aria-level=\"1\">\n<div><span style=\"font-size: 1rem;\" data-contrast=\"none\">Santaren, D., <\/span><span style=\"font-size: 1rem;\">Hakkarainen, J.<\/span><span style=\"font-size: 1rem;\" data-contrast=\"none\">, Kuhlmann, G., Koene, E., Chevallier, F., <\/span><b style=\"font-size: 1rem;\"><span data-contrast=\"none\">Ialongo, I.<\/span><\/b><span style=\"font-size: 1rem;\">, Lindqvist, H., Nurmela, J., Tamminen, J., Amoros, L.,<\/span><span style=\"font-size: 1rem;\" data-contrast=\"none\"> Brunner, D., and Broquet, G.: Benchmarking data-driven inversion methods for the estimation of local CO<\/span><span style=\"font-size: 1rem;\" data-contrast=\"none\"><span data-fontsize=\"11\">2<\/span><\/span><span style=\"font-size: 1rem;\" data-contrast=\"none\"> emissions from XCO<\/span><span style=\"font-size: 1rem;\" data-contrast=\"none\"><span data-fontsize=\"11\">2<\/span><\/span><span style=\"font-size: 1rem;\" data-contrast=\"none\"> and NO<\/span><span style=\"font-size: 1rem;\" data-contrast=\"none\"><span data-fontsize=\"11\">2<\/span><\/span><span style=\"font-size: 1rem;\" data-contrast=\"none\"> satellite images, Atmos. Meas. Tech., doi:10.5194\/amt-2023-241, 2024.<\/span><span style=\"font-size: 1rem;\" data-ccp-props=\"{&quot;201341983&quot;:0,&quot;335559685&quot;:851,&quot;335559738&quot;:0,&quot;335559739&quot;:0,&quot;335559740&quot;:252,&quot;335559991&quot;:425}\">\u00a0<\/span><\/div>\n<\/li>\n<li>J. Hakkarainen, G. Kuhlmann, E. Koene, D. Santaren, S. Meier, M. C. Krol, B. J.H. van Stratum, <strong>I. Ialongo<\/strong>, F. Chevallier, J. Tamminen, D. Brunner, G. Broquet: Analyzing nitrogen dioxide to nitrogen oxide scaling factors for data-driven satellite-based emission estimation methods: a case study of Matimba\/Medupi power stations in South Africa, Atmospheric Pollution Research, Volume 15, Issue 7, <a href=\"https:\/\/doi.org\/10.1016\/j.apr.2024.102171\">doi:10.1016\/j.apr.2024.102171<\/a>, 2024.<\/li>\n<li>Bun R., Marland G., Oda T., See L., Puliafito E., Nahorski Z., Jonas M., Kovalyshyn V., <strong>Ialongo I.<\/strong>, Yashchun O., Romanchuk Z.: Tracking unaccounted greenhouse gas emissions due to the war in Ukraine since 2022. Sci Total Environ. 2024 Mar 1;914:169879. doi: <a href=\"https:\/\/doi.org\/10.1016\/j.scitotenv.2024.169879\">10.1016\/j.scitotenv.2024.169879<\/a>.<\/li>\n<li><strong>Ialongo, I.<\/strong>, Bun, R., Hakkarainen, J., Virta, H., and Oda, T. Satellites capture socioeconomic disruptions during the 2022 full-scale war in Ukraine. Sci Rep 13, 14954 (2023) <a href=\"https:\/\/doi.org\/10.1038\/s41598-023-42118-w\">https:\/\/doi.org\/10.1038\/s41598-023-42118-w<\/a>\u00a0.<\/li>\n<li>H. Virta, <strong>I. Ialongo<\/strong>, M. Szel\u0105g, H. Eskes,\u00a0Estimating surface-level nitrogen dioxide concentrations from Sentinel-5P\/TROPOMI observations in Finland,\u00a0Atmospheric Environment,\u00a0312,\u00a0119989,\u00a0ISSN 1352-2310,<br \/><a href=\"https:\/\/doi.org\/10.1016\/j.atmosenv.2023.119989\">https:\/\/doi.org\/10.1016\/j.atmosenv.2023.119989<\/a>, 2023.<\/li>\n<li>J. Hakkarainen, <strong>I. Ialongo<\/strong>, T. Oda, M. E. Szel\u0105g, C. W. O\u2019Dell, A. Eldering, and D. Crisp: Building a bridge: Characterizing major anthropogenic point sources in the South African Highveld region using OCO-3 carbon dioxide Snapshot Area Maps and Sentinel-5P\/TROPOMI nitrogen dioxide columns, Environmental Research Letters, vol. 18, no. 3, doi:10.1088\/1748-9326\/acb837, 2023. <a href=\"https:\/\/doi.org\/10.1088\/1748-9326\/acb837\">Link<\/a><\/li>\n<li>Dongxu Yang,\u00a0Janne Hakkarainen, Yi Liu, <strong>Iolanda Ialongo<\/strong>, Zhaonan Cai, and Johanna Tamminen: Detection of anthropogenic CO2 emission signatures with TanSat CO2 and with Copernicus Sentinel-5 Precursor (S5P) NO2 measurements: first results, Advances in Atmospheric Sciences, doi:10.1007\/s00376-022-2237-5, 2022.\u00a0<a class=\"c-link\" tabindex=\"-1\" href=\"https:\/\/doi.org\/10.1007\/s00376-022-2237-5\" target=\"_blank\" rel=\"noopener noreferrer\" data-stringify-link=\"https:\/\/doi.org\/10.1007\/s00376-022-2237-5\" data-sk=\"tooltip_parent\" data-remove-tab-index=\"true\">Link<\/a><\/li>\n<li>Bernhard G., Fioletov V., Grooss J.-U., <strong>Ialongo I<\/strong>, Johnsen B, Lakkala K, Manney G., M\u00fcller R., Svendby, T., 2022: Ozone and UV radiation [in \u201dState of the Climate in 2021\u201d], Bull. Amer. Meteor. Soc., 108 (3), S293-S296, <a class=\"external\" href=\"https:\/\/doi.org\/10.1175\/BAMS-D-22-0082.1\">https:\/\/doi.org\/10.1175\/BAMS-D-22-0082.1<\/a>.<\/li>\n<li>Hakkarainen, J., <strong>Ialongo, I.,<\/strong> Koene, E., Szel\u0105g, M. E., Tamminen, J., Kuhlmann, G., Brunner, D.: Analyzing Local Carbon Dioxide and Nitrogen Oxide Emissions From Space Using the Divergence Method: An Application to the Synthetic SMARTCARB Dataset,\u00a0<em>Frontiers in Remote Sensing<\/em>,\u00a03:878731, <a href=\"https:\/\/doi.org\/10.3389\/frsen.2022.878731\">https:\/\/doi.org\/10.3389\/frsen.2022.878731<\/a>, 2022.<\/li>\n<li>Bernhard, G. H., V. E. Fioletov, J.-U. Groo\u00df, <strong>I. Ialongo<\/strong>, B. Johnsen, K. Lakkala, G. L. Manney, R. M\u00fcller, and T. Svendby. (2021). Ozone and ultraviolet radiation, in <i>\u201cState of the Climate in 2020\u201d, Bull. Amer. Meteor. Soc.<\/i>, edited by J. Blunden and T. Boyer, <i>102<\/i>(8), pp. S299\u2013S303, doi: <a href=\"https:\/\/doi.org\/10.1175\/BAMS-D-21-0086.1\">https:\/\/doi.org\/10.1175\/BAMS-D-21-0086.1.<\/a><\/li>\n<li>Boesch, H., Liu, Y., Tamminen, J., Yang, D., Palmer, P.I., Lindqvist, H., Cai, Z., Che, K., Di Noia, A., Feng, L., Hakkarainen, J.,\u00a0<strong>Ialongo, I.,<\/strong>\u00a0Kalaitzi, N., Karppinen, T., Kivi, R., Kivim\u00e4ki, E., Parker, R.J., Preval, S., Wang, J., Webb, A.J., Yao, L., Chen, H.: Monitoring Greenhouse Gases from Space. <em>Remote Sens.<\/em> 2021, <em>13<\/em>, 2700. <a href=\"https:\/\/doi.org\/10.3390\/rs13142700\">https:\/\/doi.org\/10.3390\/rs13142700<\/a><\/li>\n<li><strong>Ialongo, I.<\/strong>, Stepanova, N., Hakkarainen, J., Virta, H., Gritsenko, D.: Satellite-based estimates of nitrogen oxide and methane emissions from gas flaring and oil production activities in Sakha Republic, Russia,\u00a0<span style=\"font-size: inherit;\">Atmospheric Environment: X, Volume 11, 100114,\u00a0<\/span><span style=\"font-size: inherit;\">ISSN 2590-1621, <\/span><span style=\"font-size: inherit;\"><a href=\"https:\/\/doi.org\/10.1016\/j.aeaoa.2021.100114\">https:\/\/doi.org\/10.1016\/j.aeaoa.2021.100114<\/a>\u00a0, 2021.<\/span><\/li>\n<li>Hakkarainen, J., Szel\u0105g, M. E., <strong>Ialongo, I.<\/strong>, Retscher, C., Oda, T., Crisp, D.:\u00a0Analyzing nitrogen oxides to carbon dioxide emission ratios from space: A case study of Matimba Power Station in South Africa,\u00a0Atmospheric Environment: X, Volume\u00a010,\u00a0100110,\u00a0ISSN 2590-1621,\u00a0https:\/\/doi.org\/10.1016\/j.aeaoa.2021.100110, 2021. <a href=\"https:\/\/www.sciencedirect.com\/science\/article\/pii\/S2590162121000101\">https:\/\/www.sciencedirect.com\/science\/article\/pii\/S2590162121000101<\/a><\/li>\n<li><span class=\"author\">Bernhard, G. H.<\/span>, <span class=\"author\">Fioletov, V. E.<\/span>, <span class=\"author\">Groo\u00df, J.\u2010U.<\/span>,<strong> <span class=\"author\">Ialongo, I.<\/span><\/strong>, <span class=\"author\">Johnsen, B.<\/span>, <span class=\"author\">Lakkala, K.<\/span>, et al. (<span class=\"pubYear\">2020<\/span>). <span class=\"articleTitle\">Record\u2010breaking increases in Arctic solar ultraviolet radiation caused by exceptionally large ozone depletion in 2020<\/span>. <i>Geophysical Research Letters<\/i>, <span class=\"vol\">47<\/span>, e2020GL090844. <a class=\"linkBehavior\" href=\"https:\/\/doi.org\/10.1029\/2020GL090844\">https:\/\/doi.org\/10.1029\/2020GL090844<\/a><\/li>\n<li>Bernhard, G., V. Fioletov, J.-U. Groo\u00df, <strong>I. Ialongo<\/strong>, B. Johnsen, K. Lakkala, G. Manney, and R. M\u00fcller. (2020). Ozone and UV radiation. In: State of the Climate in 2019. J. Blunden, and D. S. Arndt, Eds., <i>Bull. Amer. Meteor. Soc.<\/i>, <i>101<\/i>(8), S274-S277, doi:10.1175\/BAMS-D-20-0086.1<\/li>\n<li><strong>Ialongo<\/strong>, I., Virta, H., Eskes, H., Hovila, J., and Douros, J.: Comparison of TROPOMI\/Sentinel 5 Precursor NO<sub>2<\/sub> observations with ground-based measurements in Helsinki, Atmos. Meas. Tech., 13, 205\u2013218, https:\/\/doi.org\/10.5194\/amt-13-205-2020, 2020.<\/li>\n<li>Bernhard, G. H., V. E. Fioletov, J.-U. Groo\u00df, <strong>I. Ialongo<\/strong>, B. Johnsen, K. Lakkala, G. L. Manney, and R. M\u00fcller. (2019). Ozone and UV radiation. In: State of the Climate in 2018. J. Blunden, and D. S. Arndt, Eds., <i>Bull. Amer. Meteor. Soc.<\/i>, <i>100<\/i>(9), S165-S168, doi:<a href=\"http:\/\/10.1175\/2019BAMSStateoftheClimate.1\">10.1175\/2019BAMSStateoftheClimate.1<\/a><\/li>\n<li>Duncan, B. N., Ott, L. E., Abshire, J. B., Brucker, L., Carroll, M. L., Carton, J., &#8230; <strong>Ialongo<\/strong>, I., et al. ( 2019). Space\u2010Based Observations for Understanding Changes in the Arctic\u2010Boreal Zone. <i>Reviews of Geophysics<\/i>, 57. <a href=\"https:\/\/doi.org\/10.1029\/2019RG000652\">https:\/\/doi.org\/10.1029\/2019RG000652<\/a><\/li>\n<li>Carboni, E., Mather, T. A., Schmidt, A., Grainger, R. G., Pfeffer, M. A., <strong>Ialongo<\/strong>, I., and Theys, N.: Satellite-derived sulfur dioxide (SO<sub>2<\/sub>) emissions from the 2014\u20132015 Holuhraun eruption (Iceland), Atmos. Chem. Phys., 19, 4851-4862, <a href=\"https:\/\/doi.org\/10.5194\/acp-19-4851-2019\">https:\/\/doi.org\/10.5194\/acp-19-4851-2019<\/a>, 2019.<\/li>\n<li>Hakkarainen, J.; <strong>Ialongo<\/strong>, I.; Maksyutov, S.; Crisp, D. Analysis of Four Years of Global XCO<sub>2<\/sub> Anomalies as Seen by Orbiting Carbon Observatory-2. <em>Remote Sens.<\/em> 2019, <em>11<\/em>, 850, <a href=\"https:\/\/takaovi.fmi.fi\/10.3390\/,DanaInfo=doi.org,SSL+rs11070850\" target=\"_blank\" rel=\"noopener noreferrer\">https:\/\/doi.org\/10.3390\/rs11070850<\/a>.<\/li>\n<li><span style=\"font-size: 1rem;\"><strong>Ialongo<\/strong> I., et al., Application of satellite-based sulfur dioxide observations to support the cleantech sector: Detecting emission reduction from copper smelters. Environmental Technology &amp; Innovation, 12, 172-179, https:\/\/doi.org\/10.1016\/j.eti.2018.08.006, 2018.\u00a0<\/span><\/li>\n<li><span style=\"font-size: 1rem;\">G. H. Bernhard, V. E. Fioletov, J.-U. Groo\u00df, <\/span><strong style=\"font-size: 1rem;\">I. Ialongo<\/strong><span style=\"font-size: 1rem;\">, B. Johnsen, K. Lakkala, G. L. Manney, and R. M\u00fcller, 2018: Ozone and UV radiation [in &#8220;State of the Climate in 2017&#8221;]. Bull. Amer. Meteor. Soc.,\u00a0<strong>99<\/strong>\u00a0(8), S171\u2013S173,\u00a0<\/span><span style=\"font-size: 1rem;\">doi:10.1175 \/2018BAMSStateoftheClimate.1.<\/span><\/li>\n<li><span style=\"font-size: 1rem;\">Levelt, P. F., Joiner, J., Tamminen, J., Veefkind, J. P., Bhartia, P. K., Stein Zweers, D. C., Duncan, B. N., Streets, D. G., Eskes, H., van der A, R., McLinden, C., Fioletov, V., Carn, S., de Laat, J., DeLand, M., Marchenko, S., McPeters, R., Ziemke, J., Fu, D., Liu, X., Pickering, K., Apituley, A., Gonz\u00e1lez Abad, G., Arola, A., Boersma, F., Chan Miller, C., Chance, K., de Graaf, M., Hakkarainen, J., Hassinen, S., <strong>Ialongo<\/strong>, I., Kleipool, Q., Krotkov, N., Li, C., Lamsal, L., Newman, P., Nowlan, C., Suleiman, R., Tilstra, L. G., Torres, O., Wang, H., and Wargan, K.: The Ozone Monitoring Instrument: overview of 14 years in space, Atmos. Chem. Phys., 18, 5699-5745, https:\/\/doi.org\/10.5194\/acp-18-5699-2018, 2018.<\/span><\/li>\n<li><span style=\"font-size: 1rem;\">G. H. Bernhard, V. E. Fioletov, J.-U. Groo\u00df, <\/span><strong style=\"font-size: 1rem;\">I. Ialongo<\/strong><span style=\"font-size: 1rem;\">, B. Johnsen, K. Lakkala, G. L. Manney, and R. M\u00fcller, 2017: Ozone and UV radiation [in &#8220;State of the Climate in 2016&#8221;]. Bull. Amer. Meteor. Soc., 98 (8), S151\u2013S154.<\/span><\/li>\n<li>Sofieva, V. F., <strong>Ialongo, I.<\/strong>, Hakkarainen, J., Kyr\u00f6l\u00e4, E., Tamminen, J., Laine, M., Hauchecorne, A., Dalaudier, F., Bertaux, J.-L., Fussen, D., Blanot, L., Barrot, G., and Dehn, A.: Improved GOMOS\/Envisat ozone retrievals in the upper troposphere and the lower stratosphere, Atmos. Meas. Tech., 10, 231-246, doi:10.5194\/amt-10-231-2017, 2017.<\/li>\n<li>Hakkarainen, J., <strong>I. Ialongo<\/strong>, and J. Tamminen (2016), Direct space-based observations of anthropogenic CO2 emission areas from OCO-2, Geophys. Res. Lett., 43, doi:10.1002\/2016GL070885.<\/li>\n<li><strong>Ialongo, I.<\/strong>, Herman, J., Krotkov, N. A., Lamsal, L., Boersma, F. K., Hovila, J., and Tamminen, J.: Comparison of OMI NO2 observations and their seasonal and weekly cycles with ground-based measurements in Helsinki, Atmos. Meas. Tech., 9, 5203-5212, doi:10.5194\/amt-9-5203-2016, 2016.<\/li>\n<li>G. Bernhard, <strong>I. Ialongo<\/strong>, J.-U. Groo\u00df, J. Hakkarainen, B. Johnsen, G.L. Manney, V. Fioletov, A. Heikkil\u00e4, and K. Lakkala, 2016: Ozone and UV radiation [in &#8220;State of the Climate in 2015&#8221;]. Bull. Amer. Meteor. Soc., 97 (8), S152\u2013S153.<\/li>\n<li>Schmidt, A., Leadbetter, S., Theys, N., Carboni, E., Witham, C. S., Stevenson, J. A., Birch, C. E., Thordarson, T., Turnock, S., Barsotti, S., Delaney, L., Feng, W., Grainger, R. G., Hort, M. C., H\u00f6skuldsson, \u00c1., <strong>Ialongo, I.<\/strong>, Ilyinskaya, E., J\u00f3hannsson, T., Kenny, P., Mather, T. A., Richards, N. A. D., and Shepherd, J.: Satellite detection, long-range transport, and air quality impacts of volcanic sulfur dioxide from the 2014\u20132015 flood lava eruption at B\u00e1r\u00f0arbunga (Iceland), J. Geophys. Res. Atmos., 120, doi:10.1002\/2015JD023638, 2015.<\/li>\n<li><strong>Ialongo, I.<\/strong>, Hakkarainen, J., Kivi, R., Anttila, P., Krotkov, N. A., Yang, K., Li, C., Tukiainen, S., Hassinen, S., and Tamminen, J.: Comparison of operational satellite SO2 products with ground-based observations in northern Finland during the Icelandic Holuhraun fissure eruption, Atmos. Meas. Tech., 8, 2279-2289, doi:10.5194\/amt-8-2279-2015, 2015.<\/li>\n<li><strong>Ialongo, I.<\/strong>, Hakkarainen, J., Hyttinen, N., Jalkanen, J.-P., Johansson, L., Boersma, K. F., Krotkov, N., and Tamminen, J.: Characterization of OMI tropospheric NO2 over the Baltic Sea region, Atmos. Chem. Phys., 14, 7795- 7805, doi:10.5194\/acp-14-7795-2014, 2014.<\/li>\n<li>Karpechko, A.Yu., L. Backman, L. Th\u00f6lix, <strong>I. Ialongo<\/strong>, M. Andersson, V. Fioletov, A. Heikkil\u00e4, B. Johnsen, T. Koskela, E. Kyr\u00f6l\u00e4, K. Lakkala, C. L. Myhre, M. Rex, V.F. Sofieva, J. Tamminen, I. Wohltmann: The link between springtime total ozone and summer UV radiation in Northern Hemisphere extratropics, J. Geophys. Res. Atmos., 118, 8649\u20138661, doi:10.1002\/jgrd.50601, 2013.<\/li>\n<li><strong>Ialongo, I.<\/strong>, Sofieva, V., Kalakoski, N., Tamminen, J., and Kyr\u00f6l\u00e4, E.: Ozone zonal asymmetry and planetary waves characterization during Antarctic spring, Atmos. Chem. Phys., 12, 2603-2614, doi:10.5194\/acp-12-2603-2012, 2012.<\/li>\n<li><span style=\"font-size: 1rem;\"><strong>Ialongo, I.<\/strong>, Arola, A., Kujanp\u00e4\u00e4, J., and Tamminen, J.: Use of satellite erythemal UV products in analysing the global UV changes, Atmos. Chem. Phys., 11, 9649-9658, doi:10.5194\/acp-11-9649-2011, 2011.<\/span><\/li>\n<li><span style=\"font-size: 1rem;\">Mielonen, T., Portin, H., Komppula, M., Leskinen, A., Tamminen, J., <strong>Ialongo, I.<\/strong>, Hakkarainen, J., Lehtinen, K.E.J. and Arola, A.: Biomass burning aerosols observed in Eastern Finland during the Russian wild fires in summer 2010 &#8211;\u00a0<\/span><span style=\"font-size: 1rem;\">Part 2: Remote sensing, Atmos.\u00a0<\/span><span style=\"font-size: 1rem;\">Env., 47, 279\u2013287,\u00a0<\/span><span style=\"font-size: 1rem;\">doi:10.1016\/j.atmosenv.2011.07.016, 2012.<\/span><\/li>\n<li><strong>Ialongo, I.<\/strong>, Buchard, V., Brogniez, C., Casale, G. R., and Siani, A. M.: AerosolSingle Scattering Albedo retrieval in the UV range: an application to OMI satellite validation, Atmos. Chem. Phys., 10, 331-340, doi:10.5194\/acp-10- 331-2010, 2010.<\/li>\n<li><span style=\"font-size: 1rem;\">Arola A., S. Kazadzis, A. Lindfors, N. Krotkov, J. Kujanp\u00e4\u00e4, J. Tamminen, A. Bais, A. di Sarra, J. M. Villaplana, C. Brogniez, A. M. Siani, M. Janouch, P. Weihs, A. Webb, T. Koskela, N. Kouremeti, D. Meloni, V. Buchard, F. Auriol, <strong>I. Ialongo<\/strong>, M. Staneck, S. Simic, A. Smedley and S. Kinne: A new approach to correct for absorbing aerosols in OMI UV, Geophys. Res. Lett. 36, L22805, doi:10.1029\/2009GL0411137,2009.<\/span><\/li>\n<li><span style=\"font-size: 1rem;\"><strong>Ialongo I.<\/strong>, G. R. Casale, and A. M. Siani: Comparison of total ozone and erythemal UV data from OMI with ground-based measurements at Rome station, Atmos. Chem. Phys., 8, 3283-3289, 2008.<\/span><\/li>\n<\/ol>\n<\/li>\n<\/ol>\n<\/div>\n<\/div>\n<\/div>\n<div class=\"page\" title=\"Page 4\">\u00a0<\/div>\n\n\n\n<p><\/p>\n\n\n\n<p><\/p>\n\n\n\n<p><\/p>\n\n\n\n<p><\/p>\n\n\n\n<p><\/p>\n<\/div>\n<\/div>\n","protected":false},"excerpt":{"rendered":"<p>Peer reviewed publications Virta, H., J. Hakkarainen, I. Ialongo, J. Tamminen, M. Girard, B. J. Schuit, and J. D. Maasakkers: Monitoring Persistent Methane Emissions from the Secunda CTL Synthetic Fuel Plant using Satellite Observations, Environmental Science &amp; Technology Letters, doi:10.1021\/acs.estlett.5c01140, 2026. Hakkarainen, J., Ialongo, I., Oda, T., and Crisp, D.: A Robust Method for Calculating &hellip; <\/p>\n<p class=\"link-more\"><a href=\"https:\/\/blog.fmi.fi\/ILMApilot\/publications\/\" class=\"more-link\">Continue reading<span class=\"screen-reader-text\"> &#8220;Publications&#8221;<\/span><\/a><\/p>\n","protected":false},"author":1,"featured_media":0,"parent":0,"menu_order":0,"comment_status":"closed","ping_status":"closed","template":"","meta":{"footnotes":""},"_links":{"self":[{"href":"https:\/\/blog.fmi.fi\/ILMApilot\/wp-json\/wp\/v2\/pages\/236"}],"collection":[{"href":"https:\/\/blog.fmi.fi\/ILMApilot\/wp-json\/wp\/v2\/pages"}],"about":[{"href":"https:\/\/blog.fmi.fi\/ILMApilot\/wp-json\/wp\/v2\/types\/page"}],"author":[{"embeddable":true,"href":"https:\/\/blog.fmi.fi\/ILMApilot\/wp-json\/wp\/v2\/users\/1"}],"replies":[{"embeddable":true,"href":"https:\/\/blog.fmi.fi\/ILMApilot\/wp-json\/wp\/v2\/comments?post=236"}],"version-history":[{"count":44,"href":"https:\/\/blog.fmi.fi\/ILMApilot\/wp-json\/wp\/v2\/pages\/236\/revisions"}],"predecessor-version":[{"id":547,"href":"https:\/\/blog.fmi.fi\/ILMApilot\/wp-json\/wp\/v2\/pages\/236\/revisions\/547"}],"wp:attachment":[{"href":"https:\/\/blog.fmi.fi\/ILMApilot\/wp-json\/wp\/v2\/media?parent=236"}],"curies":[{"name":"wp","href":"https:\/\/api.w.org\/{rel}","templated":true}]}}